{"id":219,"date":"2016-12-20T06:07:50","date_gmt":"2016-12-20T06:07:50","guid":{"rendered":"http:\/\/tomasvelzel.cz\/?page_id=219"},"modified":"2016-12-27T10:24:48","modified_gmt":"2016-12-27T10:24:48","slug":"divadelko-s-radosti","status":"publish","type":"page","link":"https:\/\/tomasvelzel.cz\/?page_id=219","title":{"rendered":"S RADOST\u00cd"},"content":{"rendered":"<blockquote><p>Miluji um\u011bn\u00ed! Miluji tvo\u0159en\u00ed! Miluji, kdy\u017e n\u011bkomu mohu ud\u011blat radost&#8230; proto jsem p\u0159ed \u010dasem zalo\u017eil divad\u00e9lko S RADOST\u00cd, jeho\u017e hlavn\u00edm c\u00edlem\u00a0je rozd\u00e1vat radost! Pokud V\u00e1s projekt zaj\u00edm\u00e1, klikn\u011bte na obr\u00e1zek n\u00ed\u017ee.<\/p>\n<p><a href=\"http:\/\/www.sradosti.com\" target=\"_blank\"><img loading=\"lazy\" decoding=\"async\" class=\"wp-image-174 size-full aligncenter\" src=\"https:\/\/tomasvelzel.cz\/wp-content\/uploads\/2016\/12\/sradosti.png\" width=\"389\" height=\"393\" srcset=\"https:\/\/tomasvelzel.cz\/wp-content\/uploads\/2016\/12\/sradosti.png 389w, https:\/\/tomasvelzel.cz\/wp-content\/uploads\/2016\/12\/sradosti-297x300.png 297w\" sizes=\"auto, (max-width: 389px) 100vw, 389px\" \/><\/a><\/p><\/blockquote>\n","protected":false},"excerpt":{"rendered":"<p>Miluji um\u011bn\u00ed! Miluji tvo\u0159en\u00ed! Miluji, kdy\u017e n\u011bkomu mohu ud\u011blat radost&#8230; proto jsem p\u0159ed \u010dasem zalo\u017eil divad\u00e9lko S RADOST\u00cd, jeho\u017e hlavn\u00edm c\u00edlem\u00a0je rozd\u00e1vat radost! Pokud V\u00e1s projekt zaj\u00edm\u00e1, klikn\u011bte na obr\u00e1zek n\u00ed\u017ee.<\/p>\n","protected":false},"author":1,"featured_media":0,"parent":0,"menu_order":0,"comment_status":"closed","ping_status":"closed","template":"","meta":{"_kad_post_transparent":"","_kad_post_title":"","_kad_post_layout":"","_kad_post_sidebar_id":"","_kad_post_content_style":"","_kad_post_vertical_padding":"","_kad_post_feature":"","_kad_post_feature_position":"","_kad_post_header":false,"_kad_post_footer":false,"footnotes":""},"class_list":["post-219","page","type-page","status-publish","hentry"],"_links":{"self":[{"href":"https:\/\/tomasvelzel.cz\/index.php?rest_route=\/wp\/v2\/pages\/219","targetHints":{"allow":["GET"]}}],"collection":[{"href":"https:\/\/tomasvelzel.cz\/index.php?rest_route=\/wp\/v2\/pages"}],"about":[{"href":"https:\/\/tomasvelzel.cz\/index.php?rest_route=\/wp\/v2\/types\/page"}],"author":[{"embeddable":true,"href":"https:\/\/tomasvelzel.cz\/index.php?rest_route=\/wp\/v2\/users\/1"}],"replies":[{"embeddable":true,"href":"https:\/\/tomasvelzel.cz\/index.php?rest_route=%2Fwp%2Fv2%2Fcomments&post=219"}],"version-history":[{"count":3,"href":"https:\/\/tomasvelzel.cz\/index.php?rest_route=\/wp\/v2\/pages\/219\/revisions"}],"predecessor-version":[{"id":490,"href":"https:\/\/tomasvelzel.cz\/index.php?rest_route=\/wp\/v2\/pages\/219\/revisions\/490"}],"wp:attachment":[{"href":"https:\/\/tomasvelzel.cz\/index.php?rest_route=%2Fwp%2Fv2%2Fmedia&parent=219"}],"curies":[{"name":"wp","href":"https:\/\/api.w.org\/{rel}","templated":true}]}}